{"id":8,"date":"2019-11-03T15:26:53","date_gmt":"2019-11-03T15:26:53","guid":{"rendered":"http:\/\/hausamsonnenhangimharz.de\/?page_id=8"},"modified":"2020-12-21T14:26:30","modified_gmt":"2020-12-21T14:26:30","slug":"home","status":"publish","type":"page","link":"https:\/\/hausamsonnenhangimharz.de\/nl\/","title":{"rendered":"Welkom in Haus \u2018Am Sonnenhang\u2018"},"content":{"rendered":"<p class=\" translation-block\">Een vakantiehuis huren voor uw wintersport of zomervakantie? Wij heten u van harte welkom in Haus Am Sonnenhang.<\/p>\n\n\n\n<p>Met 5 slaapkamers en bedden voor 10 personen is het huis zonnig, sfeervol, vrijstaand en van alle gemakken voorzien.<\/p>\n\n\n\n<div class=\"wp-block-image is-style-default\"><figure class=\"alignright size-large is-resized\"><img loading=\"lazy\" src=\"https:\/\/hausamsonnenhangimharz.de\/wp-content\/uploads\/2020\/12\/belvilla-award3-1021x1024.jpg\" alt=\"\" class=\"wp-image-320\" width=\"250\" height=\"260\"\/><\/figure><\/div>\n\n\n\n<p>Het grote balkon heeft een fantastisch uitzicht op de prachtige natuur van de Harz. Na een actieve dag vindt u in de grote tuin uw verdiende rust en ontspanning. Met een barbecue en natuurlijk speeltoestellen voor de kinderen. Maar ook binnen bij de open haard is het heerlijk ontspannen met een spelletje of een goed boek.\n\nIn Haus Am Sonnenhang voelt het als thuiskomen!<\/p>","protected":false},"excerpt":{"rendered":"<p>M\u00f6chten Sie ein Ferienhaus f\u00fcr Ihren Sommer oder Winterurlaub mieten? Im Haus \u2018Am Sonnenhang\u2018 sind Sie hierzu herzlich willkommen. Mit f\u00fcnf Schlafzimmern bietet dieses ansprechend sonnige, freistehende und komplett ausgestattete Haus Platz f\u00fcr zehn Personen. Ein gro\u00dfer Balkon bietet einen fantastischen Blick auf die wundersch\u00f6ne Natur des Harzes. Nach einem aktiven Tag finden Sie Entspannung &hellip; <\/p>\n<p class=\"link-more\"><a href=\"https:\/\/hausamsonnenhangimharz.de\/nl\/\" class=\"more-link\"><span class=\"screen-reader-text\">&#8222;Willkommen in Haus \u2018Am Sonnenhang\u2018&#8220;<\/span> verder lezen<\/a><\/p>","protected":false},"author":1,"featured_media":0,"parent":0,"menu_order":0,"comment_status":"closed","ping_status":"closed","template":"","meta":[],"_links":{"self":[{"href":"https:\/\/hausamsonnenhangimharz.de\/nl\/wp-json\/wp\/v2\/pages\/8"}],"collection":[{"href":"https:\/\/hausamsonnenhangimharz.de\/nl\/wp-json\/wp\/v2\/pages"}],"about":[{"href":"https:\/\/hausamsonnenhangimharz.de\/nl\/wp-json\/wp\/v2\/types\/page"}],"author":[{"embeddable":true,"href":"https:\/\/hausamsonnenhangimharz.de\/nl\/wp-json\/wp\/v2\/users\/1"}],"replies":[{"embeddable":true,"href":"https:\/\/hausamsonnenhangimharz.de\/nl\/wp-json\/wp\/v2\/comments?post=8"}],"version-history":[{"count":23,"href":"https:\/\/hausamsonnenhangimharz.de\/nl\/wp-json\/wp\/v2\/pages\/8\/revisions"}],"predecessor-version":[{"id":322,"href":"https:\/\/hausamsonnenhangimharz.de\/nl\/wp-json\/wp\/v2\/pages\/8\/revisions\/322"}],"wp:attachment":[{"href":"https:\/\/hausamsonnenhangimharz.de\/nl\/wp-json\/wp\/v2\/media?parent=8"}],"curies":[{"name":"wp","href":"https:\/\/api.w.org\/{rel}","templated":true}]}}