{"id":167,"date":"2019-12-13T13:34:55","date_gmt":"2019-12-13T13:34:55","guid":{"rendered":"https:\/\/hausamsonnenhangimharz.de\/?page_id=167"},"modified":"2019-12-13T14:39:37","modified_gmt":"2019-12-13T14:39:37","slug":"ausfluege","status":"publish","type":"page","link":"https:\/\/hausamsonnenhangimharz.de\/nl\/ausfluege\/","title":{"rendered":"Uitstapjes"},"content":{"rendered":"<p><strong>Eten en Drinken<\/strong><\/p>\n\n\n\n<p>Restaurants en terrassen zijn binnen handbereik. In Buntenbock vindt u op loopafstand een goed slow-food restaurant. Maar in Clausthal-Zellerfeld, Braunlage, Goslar en Bad Harzburg is het ook goed eten in \u00e9\u00e9n van de vele restaurants. <\/p>\n\n\n\n<p><strong>Omgeving verkennen?<\/strong><\/p>\n\n\n\n<div class=\"wp-block-image\"><figure class=\"alignright size-large is-resized\"><a href=\"https:\/\/hausamsonnenhangimharz.de\/wp-content\/uploads\/2019\/12\/radau-wasserfall.jpg\"><img loading=\"lazy\" src=\"https:\/\/hausamsonnenhangimharz.de\/wp-content\/uploads\/2019\/12\/radau-wasserfall.jpg\" alt=\"\" class=\"wp-image-179\" width=\"266\" height=\"190\"\/><\/a><figcaption>Radau waterval<\/figcaption><\/figure><\/div>\n\n\n\n<p>Buntenbock ligt op de grens van het gebied dat door Unesco is uitgeroepen tot Wereld Erfgoed. Prachtige bossen, kronkelende weggetjes, watervallen en pittoreske dorpjes en stadjes.<\/p>\n\n\n\n<p class=\"has-text-align-left\">Bezoek eens de Radau-waterval in Bad Harzburg met aan de voet van de waterval de bijzondere Waldgastst\u00e4tte.<\/p>\n\n\n\n<p>Of de kerstmarkt in Goslar met al z\u2019n gezellige kraampjes. Vergeet dan ook niet naar het beroemde klokken- en figurenspel op de markt in de prachtige oude Altstad te kijken en te luisteren waarin de geschiedenis van Goslar op de tonen van een mijnwerkerslied wordt uitgebeeld.<\/p>\n\n\n\n<p>Een bezoek aan de ertsmijn Rammelsberg is ook de moeite waard. Deze mijn is als enige ter wereld meer dan 1000 jaar in gebruik geweest. Ook voor kinderen is dit een leuk uitje met leuke exposities, reusachtige waterraderen onder de grond en een rammelend mijntreintje.<\/p>","protected":false},"excerpt":{"rendered":"<p>Essen und Trinken Zu Fu\u00df erreichbar finden Sie in Buntenbock ein gutes Slow-Food-Restaurant. In n\u00e4herer Umgebung gibt es noch weitere Restaurants. Ausfl\u00fcge in der Gegend Buntenbock liegt an der Grenze eines Gebiets, das von der UNESCO zum Weltkulturerbe erkl\u00e4rt wurde. Wundersch\u00f6ne W\u00e4lder, kurvenreiche Stra\u00dfen, Wasserf\u00e4lle und malerische D\u00f6rfer und St\u00e4dte. Besuchen Sie den Radau Wasserfall &hellip; <\/p>\n<p class=\"link-more\"><a href=\"https:\/\/hausamsonnenhangimharz.de\/nl\/ausfluege\/\" class=\"more-link\"><span class=\"screen-reader-text\">&#8222;Ausfl\u00fcge&#8220;<\/span> verder lezen<\/a><\/p>","protected":false},"author":1,"featured_media":0,"parent":0,"menu_order":0,"comment_status":"closed","ping_status":"closed","template":"","meta":[],"_links":{"self":[{"href":"https:\/\/hausamsonnenhangimharz.de\/nl\/wp-json\/wp\/v2\/pages\/167"}],"collection":[{"href":"https:\/\/hausamsonnenhangimharz.de\/nl\/wp-json\/wp\/v2\/pages"}],"about":[{"href":"https:\/\/hausamsonnenhangimharz.de\/nl\/wp-json\/wp\/v2\/types\/page"}],"author":[{"embeddable":true,"href":"https:\/\/hausamsonnenhangimharz.de\/nl\/wp-json\/wp\/v2\/users\/1"}],"replies":[{"embeddable":true,"href":"https:\/\/hausamsonnenhangimharz.de\/nl\/wp-json\/wp\/v2\/comments?post=167"}],"version-history":[{"count":6,"href":"https:\/\/hausamsonnenhangimharz.de\/nl\/wp-json\/wp\/v2\/pages\/167\/revisions"}],"predecessor-version":[{"id":221,"href":"https:\/\/hausamsonnenhangimharz.de\/nl\/wp-json\/wp\/v2\/pages\/167\/revisions\/221"}],"wp:attachment":[{"href":"https:\/\/hausamsonnenhangimharz.de\/nl\/wp-json\/wp\/v2\/media?parent=167"}],"curies":[{"name":"wp","href":"https:\/\/api.w.org\/{rel}","templated":true}]}}